{"id":2433,"date":"2026-02-11T20:37:17","date_gmt":"2026-02-11T20:37:17","guid":{"rendered":"https:\/\/banksymarrakech.com\/?page_id=2433"},"modified":"2026-03-24T13:33:34","modified_gmt":"2026-03-24T13:33:34","slug":"contact","status":"publish","type":"page","link":"https:\/\/banksymarrakech.com\/en\/contact\/","title":{"rendered":"Contact"},"content":{"rendered":"\n\t\t<section id=\"fws_69e4c72a69f4a\"  data-column-margin=\"default\" data-midnight=\"dark\" data-top-percent=\"10%\" data-bottom-percent=\"10%\"  class=\"nectar_section wpb_row vc_row full-width-content vc_row-o-equal-height vc_row-flex vc_row-o-content-top  min_height_desktop_100svh top_padding_tablet_0px\"  style=\"padding-top: calc(100vw * 0.10); padding-bottom: calc(100vw * 0.10); \"><div class=\"row-bg-wrap\" data-bg-animation=\"none\" data-bg-animation-delay=\"\" data-bg-overlay=\"false\"><div class=\"inner-wrap row-bg-layer\" ><div class=\"row-bg viewport-desktop\"  style=\"\"><\/div><\/div><\/div><div class=\"row_col_wrap_12 span_12 dark \">\n\t\t<div id=\"fws_69e4c72a6a0a4\"  data-br=\"10px\" data-br-applies=\"bg\" data-column-margin=\"custom\" data-midnight=\"dark\"  class=\"wpb_row vc_row-fluid vc_row full-width-content vc_row-o-equal-height vc_row-flex  min_height_desktop_100pct right_padding_10pct left_padding_10pct right_padding_tablet_25px left_padding_tablet_25px\"  style=\"padding-top: 25px; padding-bottom: 25px; \"><div class=\"row-bg-wrap\" data-bg-animation=\"none\" data-bg-animation-delay=\"\" data-bg-overlay=\"false\"><div class=\"inner-wrap row-bg-layer\" ><div class=\"row-bg viewport-desktop\"  style=\"\"><\/div><\/div><\/div><div class=\"row_col_wrap_12 col span_12 dark left\">\n\t<div style=\"\" class=\"vc_col-sm-12 wpb_column column_container vc_column_container col left_padding_desktop_80px left_padding_tablet_0px top_padding_desktop_0px top_padding_tablet_40px right_padding_desktop_80px right_padding_tablet_0px bottom_padding_desktop_0px bottom_padding_tablet_40px flex_layout_desktop_column flex_justify_content_desktop_center flex_align_items_desktop_stretch flex_wrap_desktop_nowrap flex_reverse_desktop_false flex_gap_desktop_10px \" data-using-bg=\"true\" data-border-radius=\"10px\" data-padding-pos=\"all\" data-has-bg-color=\"true\" data-bg-color=\"#ECEAE612\" data-bg-opacity=\"1\" data-animation=\"\" data-delay=\"0\" >\n\t\t<div class=\"vc_column-inner\" ><div class=\"column-bg-overlay-wrap column-bg-layer\" data-bg-animation=\"none\"><div class=\"column-bg-overlay\" style=\"opacity: 1; background-color: #ECEAE612;\"><\/div><\/div>\n\t\t\t<div class=\"wpb_wrapper\">\n\t\t\t\t<div id=\"fws_69e4c72a6a36f\" data-midnight=\"\" data-column-margin=\"default\" class=\"wpb_row vc_row-fluid vc_row inner_row  right_padding_20pct\"  style=\"\"><div class=\"row-bg-wrap\"> <div class=\"row-bg\" ><\/div> <\/div><div class=\"row_col_wrap_12_inner col span_12  left\">\n\t<div  class=\"vc_col-sm-12 wpb_column column_container vc_column_container col child_column right_padding_phone_10pct \"   data-padding-pos=\"all\" data-has-bg-color=\"false\" data-bg-color=\"\" data-bg-opacity=\"1\" data-animation=\"\" data-delay=\"0\" >\n\t\t<div class=\"vc_column-inner\" >\n\t\t<div class=\"wpb_wrapper\">\n\t\t\t<div class=\"nectar-responsive-text nomads_banksy font_size_desktop_50px font_size_tablet_6vw font_size_phone_8vw font_line_height_1px nectar-link-underline-effect\"><h1 style=\"font-weight: 400\">Une question ?<\/h1>\n<\/div>\n\t\t<\/div> \n\t<\/div>\n\t<\/div> \n<\/div><\/div><div class=\"divider-wrap\" data-alignment=\"default\"><div style=\"height: 20px;\" class=\"divider\"><\/div><\/div>\n<div class=\"wpb_text_column wpb_content_element \" >\n\t<div class='fluentform ff-default fluentform_wrapper_3 ffs_default_wrap'><form data-form_id=\"3\" id=\"fluentform_3\" class=\"frm-fluent-form fluent_form_3 ff-el-form-top ff_form_instance_3_1 ff-form-loading ffs_default\" data-form_instance=\"ff_form_instance_3_1\" method=\"POST\" ><fieldset  style=\"border: none!important;margin: 0!important;padding: 0!important;background-color: transparent!important;box-shadow: none!important;outline: none!important; min-inline-size: 100%;\">\n                    <legend class=\"ff_screen_reader_title\" style=\"display: block; margin: 0!important;padding: 0!important;height: 0!important;text-indent: -999999px;width: 0!important;overflow:hidden;\">Banksy Universe Contact Form<\/legend><input type='hidden' name='__fluent_form_embded_post_id' value='2433' \/><input type=\"hidden\" id=\"_fluentform_3_fluentformnonce\" name=\"_fluentform_3_fluentformnonce\" value=\"34fe96ae72\" \/><input type=\"hidden\" name=\"_wp_http_referer\" value=\"\/en\/wp-json\/wp\/v2\/pages\/2433\" \/><div class='ff-el-group ff-el-form-hide_label  ff_list_2col'><div class=\"ff-el-input--label asterisk-right\"><label   aria-label=\"Nature de votre demande\">Nature de votre demande<\/label><\/div><div class='ff-el-input--content'><div class='ff-el-form-check ff-el-form-check-'><label class='ff-el-form-check-label' for='checkbox_6ae927c83ad691a8512e55fc0d434e81'><input  type=\"checkbox\" name=\"checkbox[]\" data-name=\"checkbox\" class=\"ff-el-form-check-input ff-el-form-check-checkbox\" value=\"Demande presse \/ m\u00e9dia\"  id='checkbox_6ae927c83ad691a8512e55fc0d434e81' aria-label='Demande presse \/ m\u00e9dia' aria-invalid='false' aria-required=false> <span>Demande presse \/ m\u00e9dia<\/span><\/label><\/div><div class='ff-el-form-check ff-el-form-check-'><label class='ff-el-form-check-label' for='checkbox_221a420e39d713678106e426afe23dde'><input  type=\"checkbox\" name=\"checkbox[]\" data-name=\"checkbox\" class=\"ff-el-form-check-input ff-el-form-check-checkbox\" value=\"Partenariats\"  id='checkbox_221a420e39d713678106e426afe23dde' aria-label='Partenariats' aria-invalid='false' aria-required=false> <span>Partenariats<\/span><\/label><\/div><div class='ff-el-form-check ff-el-form-check-'><label class='ff-el-form-check-label' for='checkbox_24d7f0b7b0c3e77fb34c4acf9aefcf96'><input  type=\"checkbox\" name=\"checkbox[]\" data-name=\"checkbox\" class=\"ff-el-form-check-input ff-el-form-check-checkbox\" value=\"Institutions culturelles\"  id='checkbox_24d7f0b7b0c3e77fb34c4acf9aefcf96' aria-label='Institutions culturelles' aria-invalid='false' aria-required=false> <span>Institutions culturelles<\/span><\/label><\/div><div class='ff-el-form-check ff-el-form-check-'><label class='ff-el-form-check-label' for='checkbox_94381d654ea4d88498471e76ce235cea'><input  type=\"checkbox\" name=\"checkbox[]\" data-name=\"checkbox\" class=\"ff-el-form-check-input ff-el-form-check-checkbox\" value=\"Sponsors\"  id='checkbox_94381d654ea4d88498471e76ce235cea' aria-label='Sponsors' aria-invalid='false' aria-required=false> <span>Sponsors<\/span><\/label><\/div><div class='ff-el-form-check ff-el-form-check-'><label class='ff-el-form-check-label' for='checkbox_6fbcfa39ffeff8122c2e3c96fab8f6c8'><input  type=\"checkbox\" name=\"checkbox[]\" data-name=\"checkbox\" class=\"ff-el-form-check-input ff-el-form-check-checkbox\" value=\"Location privatisation\"  id='checkbox_6fbcfa39ffeff8122c2e3c96fab8f6c8' aria-label='Location privatisation' aria-invalid='false' aria-required=false> <span>Location privatisation<\/span><\/label><\/div><div class='ff-el-form-check ff-el-form-check-'><label class='ff-el-form-check-label' for='checkbox_71e4f15cbdd90715682e8971365cdc3f'><input  type=\"checkbox\" name=\"checkbox[]\" data-name=\"checkbox\" class=\"ff-el-form-check-input ff-el-form-check-checkbox\" value=\"Autre demande\"  id='checkbox_71e4f15cbdd90715682e8971365cdc3f' aria-label='Autre demande' aria-invalid='false' aria-required=false> <span>Autre demande<\/span><\/label><\/div><\/div><\/div><div data-type=\"name-element\" data-name=\"names\" class=\" ff-field_container ff-name-field-wrapper\" ><div class='ff-t-container'><div class='ff-t-cell '><div class='ff-el-group'><div class=\"ff-el-input--label asterisk-right\"><label for='ff_3_names_first_name_' id='label_ff_3_names_first_name_' >Pr\u00e9nom<\/label><\/div><div class='ff-el-input--content'><input type=\"text\" name=\"names[first_name]\" id=\"ff_3_names_first_name_\" class=\"ff-el-form-control\" placeholder=\"Pr\u00e9nom\" aria-invalid=\"false\" aria-required=false><\/div><\/div><\/div><div class='ff-t-cell '><div class='ff-el-group'><div class=\"ff-el-input--label asterisk-right\"><label for='ff_3_names_last_name_' id='label_ff_3_names_last_name_' >Nom<\/label><\/div><div class='ff-el-input--content'><input type=\"text\" name=\"names[last_name]\" id=\"ff_3_names_last_name_\" class=\"ff-el-form-control\" placeholder=\"Nom\" aria-invalid=\"false\" aria-required=false><\/div><\/div><\/div><\/div><\/div><div class='ff-el-group'><div class=\"ff-el-input--label ff-el-is-required asterisk-right\"><label for='ff_3_email' id='label_ff_3_email' aria-label=\"E-mail professionnel\">E-mail professionnel<\/label><\/div><div class='ff-el-input--content'><input type=\"email\" name=\"email\" id=\"ff_3_email\" class=\"ff-el-form-control\" placeholder=\"nom@entreprise.com\" data-name=\"email\"  aria-invalid=\"false\" aria-required=true><\/div><\/div><div class='ff-el-group'><div class=\"ff-el-input--label ff-el-is-required asterisk-right\"><label for='ff_3_message' id='label_ff_3_message' aria-label=\"Message\">Message<\/label><\/div><div class='ff-el-input--content'><textarea aria-required=\"true\" aria-labelledby=\"label_ff_3_message\" name=\"message\" id=\"ff_3_message\" class=\"ff-el-form-control\" placeholder=\"Merci de d\u00e9tailler votre demande, le contexte et vos objectifs.\" rows=\"4\" cols=\"2\" data-name=\"message\" ><\/textarea><\/div><\/div><div class='ff-el-group ff-text-left ff_submit_btn_wrapper'><button type=\"submit\" class=\"ff-btn ff-btn-submit ff-btn-md nectar-stretch-button ff_btn_style\"  aria-label=\"Envoyer\">Envoyer<\/button><\/div><\/fieldset><\/form><div id='fluentform_3_errors' class='ff-errors-in-stack ff_form_instance_3_1 ff-form-loading_errors ff_form_instance_3_1_errors'><\/div><\/div>            <script type=\"text\/javascript\">\n                window.fluent_form_ff_form_instance_3_1 = {\"id\":\"3\",\"settings\":{\"layout\":{\"labelPlacement\":\"top\",\"helpMessagePlacement\":\"with_label\",\"errorMessagePlacement\":\"inline\",\"cssClassName\":\"\",\"asteriskPlacement\":\"asterisk-right\"},\"restrictions\":{\"denyEmptySubmission\":{\"enabled\":false}}},\"form_instance\":\"ff_form_instance_3_1\",\"form_id_selector\":\"fluentform_3\",\"rules\":{\"checkbox\":{\"required\":{\"value\":false,\"message\":\"This field is required\",\"global_message\":\"Ce champ est obligatoire\",\"global\":true}},\"names[first_name]\":{\"required\":{\"value\":false,\"message\":\"This field is required\",\"global\":false,\"global_message\":\"Ce champ est obligatoire\"}},\"names[middle_name]\":{\"required\":{\"value\":false,\"message\":\"This field is required\",\"global\":false,\"global_message\":\"Ce champ est obligatoire\"}},\"names[last_name]\":{\"required\":{\"value\":false,\"message\":\"This field is required\",\"global\":false,\"global_message\":\"Ce champ est obligatoire\"}},\"email\":{\"required\":{\"value\":true,\"message\":\"This field is required\",\"global\":false,\"global_message\":\"Ce champ est obligatoire\"},\"email\":{\"value\":true,\"message\":\"This field must contain a valid email\",\"global\":false,\"global_message\":\"Ce champ doit contenir un e-mail valide\"}},\"message\":{\"required\":{\"value\":true,\"message\":\"This field is required\",\"global\":false,\"global_message\":\"Ce champ est obligatoire\"}}},\"debounce_time\":300};\n                            <\/script>\n            \n<\/div>\n\n\n\n<div class=\"nectar-cta  alignment_tablet_default alignment_phone_default display_tablet_inherit display_phone_inherit \" data-color=\"default\" data-using-bg=\"false\" data-display=\"block\" data-style=\"underline\" data-alignment=\"center\" data-text-color=\"std\" style=\"margin-top: -10px;  --nectar-button-color: var(--nectar-default); --nectar-icon-gap: 10px; \"><span class=\"nectar-button-type\"> <span class=\"text\">Vous pr\u00e9f\u00e9rez nous \u00e9crire directement ? <\/span><span class=\"link_wrap\" ><a  class=\"link_text\"  role=\"button\" href=\"#\">Contactez-nous<\/a><\/span><\/span><\/div>\n\t\t\t<\/div> \n\t\t<\/div>\n\t<\/div> \n<\/div><\/div><\/div><\/section>\n","protected":false},"excerpt":{"rendered":"Une question ? Banksy Universe Contact FormNature de votre demande Demande presse \/ m\u00e9dia Partenariats Institutions culturelles Sponsors Location privatisation Autre demandePr\u00e9nomNomE-mail professionnelMessageEnvoyer Vous pr\u00e9f\u00e9rez nous \u00e9crire directement ? Contactez-nous","protected":false},"author":1,"featured_media":0,"parent":0,"menu_order":0,"comment_status":"closed","ping_status":"closed","template":"","meta":{"footnotes":""},"class_list":["post-2433","page","type-page","status-publish"],"yoast_head":"<!-- This site is optimized with the Yoast SEO Premium plugin v26.9 (Yoast SEO v26.9) - https:\/\/yoast.com\/product\/yoast-seo-premium-wordpress\/ -->\n<title>Contact - Banksy Universe Marrakech<\/title>\n<meta name=\"robots\" content=\"index, follow, max-snippet:-1, max-image-preview:large, max-video-preview:-1\" \/>\n<link rel=\"canonical\" href=\"https:\/\/banksymarrakech.com\/en\/contact\/\" \/>\n<meta property=\"og:locale\" content=\"en_US\" \/>\n<meta property=\"og:type\" content=\"article\" \/>\n<meta property=\"og:title\" content=\"Contact\" \/>\n<meta property=\"og:url\" content=\"https:\/\/banksymarrakech.com\/en\/contact\/\" \/>\n<meta property=\"og:site_name\" content=\"Banksy Universe Marrakech\" \/>\n<meta property=\"article:modified_time\" content=\"2026-03-24T13:33:34+00:00\" \/>\n<meta name=\"twitter:card\" content=\"summary_large_image\" \/>\n<meta name=\"twitter:label1\" content=\"Est. reading time\" \/>\n\t<meta name=\"twitter:data1\" content=\"1 minute\" \/>\n<script type=\"application\/ld+json\" class=\"yoast-schema-graph\">{\"@context\":\"https:\/\/schema.org\",\"@graph\":[{\"@type\":\"WebPage\",\"@id\":\"https:\/\/banksymarrakech.com\/contact\/\",\"url\":\"https:\/\/banksymarrakech.com\/contact\/\",\"name\":\"Contact - Banksy Universe Marrakech\",\"isPartOf\":{\"@id\":\"https:\/\/banksymarrakech.com\/#website\"},\"datePublished\":\"2026-02-11T20:37:17+00:00\",\"dateModified\":\"2026-03-24T13:33:34+00:00\",\"breadcrumb\":{\"@id\":\"https:\/\/banksymarrakech.com\/contact\/#breadcrumb\"},\"inLanguage\":\"en-US\",\"potentialAction\":[{\"@type\":\"ReadAction\",\"target\":[\"https:\/\/banksymarrakech.com\/contact\/\"]}]},{\"@type\":\"BreadcrumbList\",\"@id\":\"https:\/\/banksymarrakech.com\/contact\/#breadcrumb\",\"itemListElement\":[{\"@type\":\"ListItem\",\"position\":1,\"name\":\"Accueil\",\"item\":\"https:\/\/banksymarrakech.com\/\"},{\"@type\":\"ListItem\",\"position\":2,\"name\":\"Contact\"}]},{\"@type\":\"WebSite\",\"@id\":\"https:\/\/banksymarrakech.com\/#website\",\"url\":\"https:\/\/banksymarrakech.com\/\",\"name\":\"Banksy Universe Marrakech\",\"description\":\"Exposition immersive de street art\",\"publisher\":{\"@id\":\"https:\/\/banksymarrakech.com\/#organization\"},\"potentialAction\":[{\"@type\":\"SearchAction\",\"target\":{\"@type\":\"EntryPoint\",\"urlTemplate\":\"https:\/\/banksymarrakech.com\/?s={search_term_string}\"},\"query-input\":{\"@type\":\"PropertyValueSpecification\",\"valueRequired\":true,\"valueName\":\"search_term_string\"}}],\"inLanguage\":\"en-US\"},{\"@type\":\"Organization\",\"@id\":\"https:\/\/banksymarrakech.com\/#organization\",\"name\":\"Banksy Universe Marrakech\",\"alternateName\":\"Banksy Marrakech\",\"url\":\"https:\/\/banksymarrakech.com\/\",\"logo\":{\"@type\":\"ImageObject\",\"inLanguage\":\"en-US\",\"@id\":\"https:\/\/banksymarrakech.com\/#\/schema\/logo\/image\/\",\"url\":\"https:\/\/banksymarrakech.com\/wp-content\/uploads\/2026\/02\/Banksy_Universe_Marrakech_LogoV1.svg_.png\",\"contentUrl\":\"https:\/\/banksymarrakech.com\/wp-content\/uploads\/2026\/02\/Banksy_Universe_Marrakech_LogoV1.svg_.png\",\"width\":700,\"height\":364,\"caption\":\"Banksy Universe Marrakech\"},\"image\":{\"@id\":\"https:\/\/banksymarrakech.com\/#\/schema\/logo\/image\/\"},\"sameAs\":[\"https:\/\/www.instagram.com\/banksymarrakech\/\"],\"description\":\"Banksy Universe Marrakech est une exposition permanente immersive rendant hommage \u00e0 l\u2019univers de Banksy, m\u00ealant \u0153uvres, reproductions murales et installations, prolong\u00e9e par The Banksy Rooftop, un espace contemplatif pour prolonger l\u2019exp\u00e9rience autour d\u2019un caf\u00e9 ou d\u2019un th\u00e9.\",\"email\":\"hello@banksymarrakech.com\"}]}<\/script>\n<!-- \/ Yoast SEO Premium plugin. -->","yoast_head_json":{"title":"Contact - Banksy Universe Marrakech","robots":{"index":"index","follow":"follow","max-snippet":"max-snippet:-1","max-image-preview":"max-image-preview:large","max-video-preview":"max-video-preview:-1"},"canonical":"https:\/\/banksymarrakech.com\/en\/contact\/","og_locale":"en_US","og_type":"article","og_title":"Contact","og_url":"https:\/\/banksymarrakech.com\/en\/contact\/","og_site_name":"Banksy Universe Marrakech","article_modified_time":"2026-03-24T13:33:34+00:00","twitter_card":"summary_large_image","twitter_misc":{"Est. reading time":"1 minute"},"schema":{"@context":"https:\/\/schema.org","@graph":[{"@type":"WebPage","@id":"https:\/\/banksymarrakech.com\/contact\/","url":"https:\/\/banksymarrakech.com\/contact\/","name":"Contact - Banksy Universe Marrakech","isPartOf":{"@id":"https:\/\/banksymarrakech.com\/#website"},"datePublished":"2026-02-11T20:37:17+00:00","dateModified":"2026-03-24T13:33:34+00:00","breadcrumb":{"@id":"https:\/\/banksymarrakech.com\/contact\/#breadcrumb"},"inLanguage":"en-US","potentialAction":[{"@type":"ReadAction","target":["https:\/\/banksymarrakech.com\/contact\/"]}]},{"@type":"BreadcrumbList","@id":"https:\/\/banksymarrakech.com\/contact\/#breadcrumb","itemListElement":[{"@type":"ListItem","position":1,"name":"Accueil","item":"https:\/\/banksymarrakech.com\/"},{"@type":"ListItem","position":2,"name":"Contact"}]},{"@type":"WebSite","@id":"https:\/\/banksymarrakech.com\/#website","url":"https:\/\/banksymarrakech.com\/","name":"Banksy Universe Marrakech","description":"Exposition immersive de street art","publisher":{"@id":"https:\/\/banksymarrakech.com\/#organization"},"potentialAction":[{"@type":"SearchAction","target":{"@type":"EntryPoint","urlTemplate":"https:\/\/banksymarrakech.com\/?s={search_term_string}"},"query-input":{"@type":"PropertyValueSpecification","valueRequired":true,"valueName":"search_term_string"}}],"inLanguage":"en-US"},{"@type":"Organization","@id":"https:\/\/banksymarrakech.com\/#organization","name":"Banksy Universe Marrakech","alternateName":"Banksy Marrakech","url":"https:\/\/banksymarrakech.com\/","logo":{"@type":"ImageObject","inLanguage":"en-US","@id":"https:\/\/banksymarrakech.com\/#\/schema\/logo\/image\/","url":"https:\/\/banksymarrakech.com\/wp-content\/uploads\/2026\/02\/Banksy_Universe_Marrakech_LogoV1.svg_.png","contentUrl":"https:\/\/banksymarrakech.com\/wp-content\/uploads\/2026\/02\/Banksy_Universe_Marrakech_LogoV1.svg_.png","width":700,"height":364,"caption":"Banksy Universe Marrakech"},"image":{"@id":"https:\/\/banksymarrakech.com\/#\/schema\/logo\/image\/"},"sameAs":["https:\/\/www.instagram.com\/banksymarrakech\/"],"description":"Banksy Universe Marrakech is a permanent immersive exhibition paying tribute to the world of Banksy, bringing together artworks, large-scale mural reproductions and installations, extended by The Banksy Rooftop \u2014 a contemplative space to continue the experience over coffee or tea.","email":"hello@banksymarrakech.com"}]}},"_links":{"self":[{"href":"https:\/\/banksymarrakech.com\/en\/wp-json\/wp\/v2\/pages\/2433","targetHints":{"allow":["GET"]}}],"collection":[{"href":"https:\/\/banksymarrakech.com\/en\/wp-json\/wp\/v2\/pages"}],"about":[{"href":"https:\/\/banksymarrakech.com\/en\/wp-json\/wp\/v2\/types\/page"}],"author":[{"embeddable":true,"href":"https:\/\/banksymarrakech.com\/en\/wp-json\/wp\/v2\/users\/1"}],"replies":[{"embeddable":true,"href":"https:\/\/banksymarrakech.com\/en\/wp-json\/wp\/v2\/comments?post=2433"}],"version-history":[{"count":5,"href":"https:\/\/banksymarrakech.com\/en\/wp-json\/wp\/v2\/pages\/2433\/revisions"}],"predecessor-version":[{"id":2766,"href":"https:\/\/banksymarrakech.com\/en\/wp-json\/wp\/v2\/pages\/2433\/revisions\/2766"}],"wp:attachment":[{"href":"https:\/\/banksymarrakech.com\/en\/wp-json\/wp\/v2\/media?parent=2433"}],"curies":[{"name":"wp","href":"https:\/\/api.w.org\/{rel}","templated":true}]}}