{"id":2721,"date":"2026-02-19T15:19:10","date_gmt":"2026-02-19T15:19:10","guid":{"rendered":"https:\/\/banksymarrakech.com\/?page_id=2721"},"modified":"2026-02-19T15:25:38","modified_gmt":"2026-02-19T15:25:38","slug":"mentions-legales","status":"publish","type":"page","link":"https:\/\/banksymarrakech.com\/en\/mentions-legales\/","title":{"rendered":"Legal Notice"},"content":{"rendered":"<div id=\"fws_69e4d589b8f8c\"  data-column-margin=\"default\" data-midnight=\"dark\"  class=\"wpb_row vc_row-fluid vc_row  right_padding_5pct left_padding_5pct right_padding_tablet_5pct left_padding_tablet_5pct\"  style=\"padding-top: 0px; padding-bottom: 0px; \"><div class=\"row-bg-wrap\" data-bg-animation=\"none\" data-bg-animation-delay=\"\" data-bg-overlay=\"false\"><div class=\"inner-wrap row-bg-layer\" ><div class=\"row-bg viewport-desktop\"  style=\"\"><\/div><\/div><\/div><div class=\"row_col_wrap_12 col span_12 dark left\">\n\t<div  class=\"vc_col-sm-12 wpb_column column_container vc_column_container col no-extra-padding inherit_tablet inherit_phone flex_gap_desktop_10px\"  data-padding-pos=\"all\" data-has-bg-color=\"false\" data-bg-color=\"\" data-bg-opacity=\"1\" data-animation=\"\" data-delay=\"0\" >\n\t\t<div class=\"vc_column-inner\" >\n\t\t\t<div class=\"wpb_wrapper\">\n\t\t\t\t\n<div class=\"wpb_text_column wpb_content_element\" >\n\t<h1 class=\"nomads_banksy\" style=\"font-weight: 400;\">Legal Notice<\/h1>\n<p><em>Last updated: February 2026<\/em><\/p>\n<h2>1. \u00c9diteur du site<\/h2>\n<p><strong>CARDEMA S.A.R.L.<\/strong><br \/>\nRegistered office: 16 Riad Laarouss, Derb Sidi Ali Ben Hamdouch, 40000 Marrakech, Morocco<br \/>\nRC : 143519<br \/>\nICE : 002859276000005<br \/>\nIF : 50338169<br \/>\nShare capital: 10,000 MAD<br \/>\nEmail : <a href=\"mailto:carol@noborder.art\">carol@noborder.art<\/a><\/p>\n<p class=\"translation-block\">The website banksymarrakech.com is published by CARDEMA S.A.R.L. in connection with the operation of the exhibition Banksy Universe Marrakech at NoBorder Gallery.<\/p>\n<h2>2. Publication Director<\/h2>\n<p class=\"translation-block\">The publication director of banksymarrakech.com is the legal representative of CARDEMA S.A.R.L.<\/p>\n<h2>3. Website Hosting Provider<\/h2>\n<p><strong>Hostinger International Ltd.<\/strong><br \/>\n61 Lordou Vironos Street, 6023 Larnaca, Chypre<br \/>\nSite web : <a href=\"https:\/\/www.hostinger.com\" target=\"_blank\" rel=\"noopener noreferrer\">www.hostinger.com<\/a><\/p>\n<h2>4. Intellectual Property<\/h2>\n<p class=\"translation-block\">All content on banksymarrakech.com (texts, graphics, logo, structure, source code) is the property of CARDEMA S.A.R.L. or its partners and is protected under applicable intellectual property laws.<\/p>\n<p>Any reproduction, representation, modification, publication, or adaptation of all or part of the website content, by any means or process, is strictly prohibited without prior written authorization from CARDEMA S.A.R.L.<\/p>\n<h2>5. Exhibition Disclaimer<\/h2>\n<p class=\"translation-block\">Banksy Universe Marrakech is an unofficial tribute to the work of the artist Banksy. It is neither authorized by nor affiliated with Banksy or his representatives. The works and reproductions presented are exhibited within an artistic and cultural context for the purpose of promoting and raising awareness of urban art.<\/p>\n<h2>6. Limitation of Liability<\/h2>\n<p>CARDEMA S.A.R.L. makes every effort to ensure the accuracy and updating of the information published on this website. However, it cannot be held liable for any errors or omissions, nor for any use made by users of the information available on the site.<\/p>\n<p>CARDEMA S.A.R.L. reserves the right to modify the website content at any time without prior notice. Hyperlinks on the website may direct users to third-party sites over which CARDEMA S.A.R.L. has no control.<\/p>\n<h2>7. Personal Data and Cookies<\/h2>\n<p>The processing of users\u2019 personal data is governed by our Privacy Policy &amp; Cookies, available on this website. <a href=\"\/en\/politique-de-cookies\/\">Privacy Policy &amp; Cookies<\/a>, disponible sur ce site.<\/p>\n<h2>8. Governing Law<\/h2>\n<p>This website and its legal notice are governed by Moroccan law. Any dispute relating to the use of the website shall fall under the exclusive jurisdiction of the courts of Marrakech, Morocco.<\/p>\n<h2>9. Contact<\/h2>\n<p>Email : <a href=\"mailto:hello@banksymarrakech.com\">hello@banksymarrakech.com<\/a><br \/>\nNoBorder Gallery \u2014 16 Derb Sidi Ali Ben Hamdouch, Riad Laarouss, 40000 Marrakech Medina, Morocco<br \/>\nOpening hours: Tuesday \u2013 Sunday, 10:00 am \u2013 6:00 pm<\/p>\n<\/div>\n\n\n\n\n\t\t\t<\/div> \n\t\t<\/div>\n\t<\/div> \n<\/div><\/div>","protected":false},"excerpt":{"rendered":"Mentions l\u00e9gales Derni\u00e8re mise \u00e0 jour : f\u00e9vrier 2026 1. \u00c9diteur du site CARDEMA S.A.R.L. Si\u00e8ge social : 16 Riad Laarouss, Derb Sidi Ali Ben Hamdouch, 40000 Marrakech, Maroc RC...","protected":false},"author":1,"featured_media":0,"parent":0,"menu_order":0,"comment_status":"closed","ping_status":"open","template":"","meta":{"footnotes":""},"class_list":["post-2721","page","type-page","status-publish"],"yoast_head":"<!-- This site is optimized with the Yoast SEO Premium plugin v26.9 (Yoast SEO v26.9) - https:\/\/yoast.com\/product\/yoast-seo-premium-wordpress\/ -->\n<title>Mentions l\u00e9gales - Banksy Universe Marrakech<\/title>\n<meta name=\"description\" content=\"Politique de confidentialit\u00e9 et gestion des cookies du site Banksy Universe Marrakech.\" \/>\n<meta name=\"robots\" content=\"noindex, nofollow\" \/>\n<meta property=\"og:locale\" content=\"en_US\" \/>\n<meta property=\"og:type\" content=\"article\" \/>\n<meta property=\"og:title\" content=\"Mentions l\u00e9gales\" \/>\n<meta property=\"og:description\" content=\"Politique de confidentialit\u00e9 et gestion des cookies du site Banksy Universe Marrakech.\" \/>\n<meta property=\"og:url\" content=\"https:\/\/banksymarrakech.com\/en\/mentions-legales\/\" \/>\n<meta property=\"og:site_name\" content=\"Banksy Universe Marrakech\" \/>\n<meta property=\"article:modified_time\" content=\"2026-02-19T15:25:38+00:00\" \/>\n<meta name=\"twitter:card\" content=\"summary_large_image\" \/>\n<meta name=\"twitter:label1\" content=\"Est. reading time\" \/>\n\t<meta name=\"twitter:data1\" content=\"2 minutes\" \/>\n<script type=\"application\/ld+json\" class=\"yoast-schema-graph\">{\"@context\":\"https:\/\/schema.org\",\"@graph\":[{\"@type\":\"WebPage\",\"@id\":\"https:\/\/banksymarrakech.com\/mentions-legales\/\",\"url\":\"https:\/\/banksymarrakech.com\/mentions-legales\/\",\"name\":\"Mentions l\u00e9gales - Banksy Universe Marrakech\",\"isPartOf\":{\"@id\":\"https:\/\/banksymarrakech.com\/#website\"},\"datePublished\":\"2026-02-19T15:19:10+00:00\",\"dateModified\":\"2026-02-19T15:25:38+00:00\",\"description\":\"Politique de confidentialit\u00e9 et gestion des cookies du site Banksy Universe Marrakech.\",\"breadcrumb\":{\"@id\":\"https:\/\/banksymarrakech.com\/mentions-legales\/#breadcrumb\"},\"inLanguage\":\"en-US\",\"potentialAction\":[{\"@type\":\"ReadAction\",\"target\":[\"https:\/\/banksymarrakech.com\/mentions-legales\/\"]}]},{\"@type\":\"BreadcrumbList\",\"@id\":\"https:\/\/banksymarrakech.com\/mentions-legales\/#breadcrumb\",\"itemListElement\":[{\"@type\":\"ListItem\",\"position\":1,\"name\":\"Accueil\",\"item\":\"https:\/\/banksymarrakech.com\/\"},{\"@type\":\"ListItem\",\"position\":2,\"name\":\"Mentions l\u00e9gales\"}]},{\"@type\":\"WebSite\",\"@id\":\"https:\/\/banksymarrakech.com\/#website\",\"url\":\"https:\/\/banksymarrakech.com\/\",\"name\":\"Banksy Universe Marrakech\",\"description\":\"Exposition immersive de street art\",\"publisher\":{\"@id\":\"https:\/\/banksymarrakech.com\/#organization\"},\"potentialAction\":[{\"@type\":\"SearchAction\",\"target\":{\"@type\":\"EntryPoint\",\"urlTemplate\":\"https:\/\/banksymarrakech.com\/?s={search_term_string}\"},\"query-input\":{\"@type\":\"PropertyValueSpecification\",\"valueRequired\":true,\"valueName\":\"search_term_string\"}}],\"inLanguage\":\"en-US\"},{\"@type\":\"Organization\",\"@id\":\"https:\/\/banksymarrakech.com\/#organization\",\"name\":\"Banksy Universe Marrakech\",\"alternateName\":\"Banksy Marrakech\",\"url\":\"https:\/\/banksymarrakech.com\/\",\"logo\":{\"@type\":\"ImageObject\",\"inLanguage\":\"en-US\",\"@id\":\"https:\/\/banksymarrakech.com\/#\/schema\/logo\/image\/\",\"url\":\"https:\/\/banksymarrakech.com\/wp-content\/uploads\/2026\/02\/Banksy_Universe_Marrakech_LogoV1.svg_.png\",\"contentUrl\":\"https:\/\/banksymarrakech.com\/wp-content\/uploads\/2026\/02\/Banksy_Universe_Marrakech_LogoV1.svg_.png\",\"width\":700,\"height\":364,\"caption\":\"Banksy Universe Marrakech\"},\"image\":{\"@id\":\"https:\/\/banksymarrakech.com\/#\/schema\/logo\/image\/\"},\"sameAs\":[\"https:\/\/www.instagram.com\/banksymarrakech\/\"],\"description\":\"Banksy Universe Marrakech est une exposition permanente immersive rendant hommage \u00e0 l\u2019univers de Banksy, m\u00ealant \u0153uvres, reproductions murales et installations, prolong\u00e9e par The Banksy Rooftop, un espace contemplatif pour prolonger l\u2019exp\u00e9rience autour d\u2019un caf\u00e9 ou d\u2019un th\u00e9.\",\"email\":\"hello@banksymarrakech.com\"}]}<\/script>\n<!-- \/ Yoast SEO Premium plugin. -->","yoast_head_json":{"title":"Mentions l\u00e9gales - Banksy Universe Marrakech","description":"Politique de confidentialit\u00e9 et gestion des cookies du site Banksy Universe Marrakech.","robots":{"index":"noindex","follow":"nofollow"},"og_locale":"en_US","og_type":"article","og_title":"Mentions l\u00e9gales","og_description":"Politique de confidentialit\u00e9 et gestion des cookies du site Banksy Universe Marrakech.","og_url":"https:\/\/banksymarrakech.com\/en\/mentions-legales\/","og_site_name":"Banksy Universe Marrakech","article_modified_time":"2026-02-19T15:25:38+00:00","twitter_card":"summary_large_image","twitter_misc":{"Est. reading time":"2 minutes"},"schema":{"@context":"https:\/\/schema.org","@graph":[{"@type":"WebPage","@id":"https:\/\/banksymarrakech.com\/mentions-legales\/","url":"https:\/\/banksymarrakech.com\/mentions-legales\/","name":"Mentions l\u00e9gales - Banksy Universe Marrakech","isPartOf":{"@id":"https:\/\/banksymarrakech.com\/#website"},"datePublished":"2026-02-19T15:19:10+00:00","dateModified":"2026-02-19T15:25:38+00:00","description":"Politique de confidentialit\u00e9 et gestion des cookies du site Banksy Universe Marrakech.","breadcrumb":{"@id":"https:\/\/banksymarrakech.com\/mentions-legales\/#breadcrumb"},"inLanguage":"en-US","potentialAction":[{"@type":"ReadAction","target":["https:\/\/banksymarrakech.com\/mentions-legales\/"]}]},{"@type":"BreadcrumbList","@id":"https:\/\/banksymarrakech.com\/mentions-legales\/#breadcrumb","itemListElement":[{"@type":"ListItem","position":1,"name":"Accueil","item":"https:\/\/banksymarrakech.com\/"},{"@type":"ListItem","position":2,"name":"Mentions l\u00e9gales"}]},{"@type":"WebSite","@id":"https:\/\/banksymarrakech.com\/#website","url":"https:\/\/banksymarrakech.com\/","name":"Banksy Universe Marrakech","description":"Exposition immersive de street art","publisher":{"@id":"https:\/\/banksymarrakech.com\/#organization"},"potentialAction":[{"@type":"SearchAction","target":{"@type":"EntryPoint","urlTemplate":"https:\/\/banksymarrakech.com\/?s={search_term_string}"},"query-input":{"@type":"PropertyValueSpecification","valueRequired":true,"valueName":"search_term_string"}}],"inLanguage":"en-US"},{"@type":"Organization","@id":"https:\/\/banksymarrakech.com\/#organization","name":"Banksy Universe Marrakech","alternateName":"Banksy Marrakech","url":"https:\/\/banksymarrakech.com\/","logo":{"@type":"ImageObject","inLanguage":"en-US","@id":"https:\/\/banksymarrakech.com\/#\/schema\/logo\/image\/","url":"https:\/\/banksymarrakech.com\/wp-content\/uploads\/2026\/02\/Banksy_Universe_Marrakech_LogoV1.svg_.png","contentUrl":"https:\/\/banksymarrakech.com\/wp-content\/uploads\/2026\/02\/Banksy_Universe_Marrakech_LogoV1.svg_.png","width":700,"height":364,"caption":"Banksy Universe Marrakech"},"image":{"@id":"https:\/\/banksymarrakech.com\/#\/schema\/logo\/image\/"},"sameAs":["https:\/\/www.instagram.com\/banksymarrakech\/"],"description":"Banksy Universe Marrakech is a permanent immersive exhibition paying tribute to the world of Banksy, bringing together artworks, large-scale mural reproductions and installations, extended by The Banksy Rooftop \u2014 a contemplative space to continue the experience over coffee or tea.","email":"hello@banksymarrakech.com"}]}},"_links":{"self":[{"href":"https:\/\/banksymarrakech.com\/en\/wp-json\/wp\/v2\/pages\/2721","targetHints":{"allow":["GET"]}}],"collection":[{"href":"https:\/\/banksymarrakech.com\/en\/wp-json\/wp\/v2\/pages"}],"about":[{"href":"https:\/\/banksymarrakech.com\/en\/wp-json\/wp\/v2\/types\/page"}],"author":[{"embeddable":true,"href":"https:\/\/banksymarrakech.com\/en\/wp-json\/wp\/v2\/users\/1"}],"replies":[{"embeddable":true,"href":"https:\/\/banksymarrakech.com\/en\/wp-json\/wp\/v2\/comments?post=2721"}],"version-history":[{"count":2,"href":"https:\/\/banksymarrakech.com\/en\/wp-json\/wp\/v2\/pages\/2721\/revisions"}],"predecessor-version":[{"id":2723,"href":"https:\/\/banksymarrakech.com\/en\/wp-json\/wp\/v2\/pages\/2721\/revisions\/2723"}],"wp:attachment":[{"href":"https:\/\/banksymarrakech.com\/en\/wp-json\/wp\/v2\/media?parent=2721"}],"curies":[{"name":"wp","href":"https:\/\/api.w.org\/{rel}","templated":true}]}}